{"id":18,"date":"2025-03-24T17:35:25","date_gmt":"2025-03-24T17:35:25","guid":{"rendered":"http:\/\/ozelimececenazehizmetleri.com\/?page_id=18"},"modified":"2025-04-06T17:38:03","modified_gmt":"2025-04-06T17:38:03","slug":"anasayfa","status":"publish","type":"page","link":"https:\/\/ozelimececenazehizmetleri.com\/","title":{"rendered":"\u00d6ZEL \u0130MECE CENAZE H\u0130ZMETLER\u0130"},"content":{"rendered":"\n<div class=\"wp-block-uagb-container uagb-block-6d1a2410 alignfull uagb-is-root-container\"><div class=\"uagb-container-inner-blocks-wrap\">\n<div class=\"wp-block-uagb-container uagb-layout-grid uagb-block-5b9b449c alignfull uagb-is-root-container\"><div class=\"uagb-container-inner-blocks-wrap\">\n<div class=\"wp-block-group is-nowrap is-layout-flex wp-container-core-group-is-layout-2 wp-block-group-is-layout-flex\">\n<div class=\"wp-block-group is-nowrap is-layout-flex wp-container-core-group-is-layout-1 wp-block-group-is-layout-flex\">\n<div data-aos= \"fade-right\" data-aos-duration=\"400\" data-aos-delay=\"0\" data-aos-easing=\"ease\" data-aos-once=\"true\" class=\"wp-block-uagb-image aligncenter uagb-block-b04c8813 wp-block-uagb-image--layout-default wp-block-uagb-image--effect-static wp-block-uagb-image--align-center\"><figure class=\"wp-block-uagb-image__figure\"><img decoding=\"async\" srcset=\"https:\/\/ozelimececenazehizmetleri.com\/wp-content\/uploads\/2025\/03\/o\u0308zel-imece-cenaze-hizmetleri-769x1024.jpeg ,https:\/\/ozelimececenazehizmetleri.com\/wp-content\/uploads\/2025\/03\/o\u0308zel-imece-cenaze-hizmetleri.jpeg 780w, https:\/\/ozelimececenazehizmetleri.com\/wp-content\/uploads\/2025\/03\/o\u0308zel-imece-cenaze-hizmetleri.jpeg 360w\" sizes=\"auto, (max-width: 480px) 150px\" src=\"https:\/\/ozelimececenazehizmetleri.com\/wp-content\/uploads\/2025\/03\/o\u0308zel-imece-cenaze-hizmetleri-769x1024.jpeg\" alt=\"\u00f6zel imece cenaze hizmetleri\" class=\"uag-image-75\" width=\"560\" height=\"715\" title=\"o\u0308zel imece cenaze hizmetleri\" loading=\"lazy\" role=\"img\"\/><\/figure><\/div>\n<\/div>\n<\/div>\n\n\n\n<div class=\"wp-block-columns is-layout-flex wp-container-core-columns-is-layout-2 wp-block-columns-is-layout-flex\">\n<div class=\"wp-block-column is-layout-flow wp-container-core-column-is-layout-3 wp-block-column-is-layout-flow\" style=\"flex-basis:100%\">\n<div class=\"wp-block-columns is-layout-flex wp-container-core-columns-is-layout-1 wp-block-columns-is-layout-flex\">\n<div class=\"wp-block-column is-layout-flow wp-block-column-is-layout-flow\" style=\"flex-basis:100%\"><\/div>\n\n\n\n<div class=\"wp-block-column is-layout-flow wp-block-column-is-layout-flow\" style=\"flex-basis:100%\"><\/div>\n<\/div>\n\n\n\n<div style=\"height:30px\" aria-hidden=\"true\" class=\"wp-block-spacer\"><\/div>\n\n\n<h2 class=\"wp-block-post-title\">\u00d6ZEL \u0130MECE CENAZE H\u0130ZMETLER\u0130<\/h2>\n\n\n<p>\u00d6zel \u0130mece Cenaze Hizmetleri, \u00f6zel frigolu so\u011futmal\u0131 ara\u00e7lar\u0131 ile \u015fehirler aras\u0131 vefat nakil i\u015flemleriniz i\u00e7in yan\u0131n\u0131zda! T\u00fcrkiye\u2019nin her noktas\u0131na g\u00fcvenli ve h\u0131zl\u0131 ula\u015f\u0131m sistemi ile sorunsuz hizmet sunmaktad\u0131r.<\/p>\n\n\n\n<div style=\"height:70px\" aria-hidden=\"true\" class=\"wp-block-spacer\"><\/div>\n\n\n\n<p style=\"font-size:27px\"><strong>\u0130LET\u0130\u015e\u0130M B\u0130LG\u0130LER\u0130M\u0130Z<\/strong><\/p>\n\n\n\n<div class=\"wp-block-uagb-icon-list uagb-block-8ee19922\"><div class=\"uagb-icon-list__wrap\">\n<div class=\"wp-block-uagb-icon-list-child uagb-block-faa404e1\"><span class=\"uagb-icon-list__source-wrap\"><svg xmlns=\"https:\/\/www.w3.org\/2000\/svg\" viewBox=\"0 0 512 512\"><path d=\"M18.92 351.2l108.5-46.52c12.78-5.531 27.77-1.801 36.45 8.98l44.09 53.82c69.25-34 125.5-90.31 159.5-159.5l-53.81-44.04c-10.75-8.781-14.41-23.69-8.974-36.47l46.51-108.5c6.094-13.91 21.1-21.52 35.79-18.11l100.8 23.25c14.25 3.25 24.22 15.8 24.22 30.46c0 252.3-205.2 457.5-457.5 457.5c-14.67 0-27.18-9.968-30.45-24.22l-23.25-100.8C-2.571 372.4 5.018 357.2 18.92 351.2z\"><\/path><\/svg><\/span><span class=\"uagb-icon-list__label\">KORKMAZ \u0130MECE &#8211; 0536 706 43 66<\/span><\/div>\n\n\n\n<div class=\"wp-block-uagb-icon-list-child uagb-block-4e6b14bf\"><span class=\"uagb-icon-list__source-wrap\"><svg xmlns=\"https:\/\/www.w3.org\/2000\/svg\" viewBox=\"0 0 512 512\"><path d=\"M18.92 351.2l108.5-46.52c12.78-5.531 27.77-1.801 36.45 8.98l44.09 53.82c69.25-34 125.5-90.31 159.5-159.5l-53.81-44.04c-10.75-8.781-14.41-23.69-8.974-36.47l46.51-108.5c6.094-13.91 21.1-21.52 35.79-18.11l100.8 23.25c14.25 3.25 24.22 15.8 24.22 30.46c0 252.3-205.2 457.5-457.5 457.5c-14.67 0-27.18-9.968-30.45-24.22l-23.25-100.8C-2.571 372.4 5.018 357.2 18.92 351.2z\"><\/path><\/svg><\/span><span class=\"uagb-icon-list__label\">G\u00d6KHAN \u0130MECE &#8211; 0554 429 39 88 <\/span><\/div>\n\n\n\n<div class=\"wp-block-uagb-icon-list-child uagb-block-3273319e\"><span class=\"uagb-icon-list__source-wrap\"><svg xmlns=\"https:\/\/www.w3.org\/2000\/svg\" viewBox=\"0 0 512 512\"><path d=\"M464 64C490.5 64 512 85.49 512 112C512 127.1 504.9 141.3 492.8 150.4L275.2 313.6C263.8 322.1 248.2 322.1 236.8 313.6L19.2 150.4C7.113 141.3 0 127.1 0 112C0 85.49 21.49 64 48 64H464zM217.6 339.2C240.4 356.3 271.6 356.3 294.4 339.2L512 176V384C512 419.3 483.3 448 448 448H64C28.65 448 0 419.3 0 384V176L217.6 339.2z\"><\/path><\/svg><\/span><span class=\"uagb-icon-list__label\">gokhanimece@gmail.com<\/span><\/div>\n\n\n\n<div class=\"wp-block-uagb-icon-list-child uagb-block-71e664aa\"><span class=\"uagb-icon-list__source-wrap\"><svg xmlns=\"https:\/\/www.w3.org\/2000\/svg\" viewBox=\"0 0 320 512\"><path d=\"M320 144C320 223.5 255.5 288 176 288C96.47 288 32 223.5 32 144C32 64.47 96.47 0 176 0C255.5 0 320 64.47 320 144zM192 64C192 55.16 184.8 48 176 48C122.1 48 80 90.98 80 144C80 152.8 87.16 160 96 160C104.8 160 112 152.8 112 144C112 108.7 140.7 80 176 80C184.8 80 192 72.84 192 64zM144 480V317.1C154.4 319 165.1 319.1 176 319.1C186.9 319.1 197.6 319 208 317.1V480C208 497.7 193.7 512 176 512C158.3 512 144 497.7 144 480z\"><\/path><\/svg><\/span><span class=\"uagb-icon-list__label\">\u00c7\u0131nar Mah. 5004\/1 Sok. No:2\/F BORNOVA \u0130ZM\u0130R<\/span><\/div>\n<\/div><\/div>\n<\/div>\n<\/div>\n<\/div><\/div>\n<\/div><\/div>\n\n\n\n<div class=\"wp-block-uagb-container uag-hide-mob uagb-block-903e8ae4 alignfull uagb-is-root-container\"><div class=\"uagb-container-inner-blocks-wrap\">\t\t\t\t\t<div\n\t\t\t\t\t\tclass=\"wp-block-uagb-image-gallery uagb-block-8a6f8002     \"\n\t\t\t\t\t\tstyle=\"\"\n\t\t\t\t\t>\n\t\t\t\t\t\t\t\t\t\t\t<div data-aos= \"fade-down\" data-aos-duration=\"400\" data-aos-delay=\"0\" data-aos-easing=\"ease\" data-aos-once=\"true\" class=\"spectra-image-gallery spectra-image-gallery__layout--grid spectra-image-gallery__layout--grid-col-3 spectra-image-gallery__layout--grid-col-tab-3 spectra-image-gallery__layout--grid-col-mob-1\">\n\t\t\t\t\t\t\t\t\t\t\t<div class='spectra-image-gallery__media-wrapper' data-spectra-gallery-image-id='62' tabindex=\"0\">\n\t\t\t\t\t\t\t<div class=\"spectra-image-gallery__media spectra-image-gallery__media--grid\">\n\t\t\t\t<picture>\n\t\t\t\t\t<source media=\"(min-width: 1024px)\" srcset=\"https:\/\/ozelimececenazehizmetleri.com\/wp-content\/uploads\/2025\/03\/o\u0308zel-imece-o\u0308zel-cenaze-hizmetleri-1.jpeg\">\n\t\t\t\t\t<source media=\"(min-width: 768px)\" srcset=\"https:\/\/ozelimececenazehizmetleri.com\/wp-content\/uploads\/2025\/03\/o\u0308zel-imece-o\u0308zel-cenaze-hizmetleri-1-1024x769.jpeg\">\n\t\t\t\t\t<img decoding=\"async\" class=\"spectra-image-gallery__media-thumbnail spectra-image-gallery__media-thumbnail--grid\" src=\"https:\/\/ozelimececenazehizmetleri.com\/wp-content\/uploads\/2025\/03\/o\u0308zel-imece-o\u0308zel-cenaze-hizmetleri-1-300x225.jpeg\" alt=\"\" loading=\"lazy\" \/>\n\t\t\t\t<\/picture>\n\t\t\t\t<div class=\"spectra-image-gallery__media-thumbnail-blurrer\"><\/div>\n\t\t\t\t\t\t\t\t\t\t\t<div class=\"spectra-image-gallery__media-thumbnail-caption-wrapper spectra-image-gallery__media-thumbnail-caption-wrapper--overlay\"><\/div>\n\t\t\t\t\t\t\t\t<\/div>\n\t\t\t\t\t\t<\/div>\n\t\t\t\t\t\t<div class='spectra-image-gallery__media-wrapper' data-spectra-gallery-image-id='63' tabindex=\"0\">\n\t\t\t\t\t\t\t<div class=\"spectra-image-gallery__media spectra-image-gallery__media--grid\">\n\t\t\t\t<picture>\n\t\t\t\t\t<source media=\"(min-width: 1024px)\" srcset=\"https:\/\/ozelimececenazehizmetleri.com\/wp-content\/uploads\/2025\/03\/o\u0308zel-imece-o\u0308zel-cenaze-hizmetleri-2.jpeg\">\n\t\t\t\t\t<source media=\"(min-width: 768px)\" srcset=\"https:\/\/ozelimececenazehizmetleri.com\/wp-content\/uploads\/2025\/03\/o\u0308zel-imece-o\u0308zel-cenaze-hizmetleri-2-1024x769.jpeg\">\n\t\t\t\t\t<img decoding=\"async\" class=\"spectra-image-gallery__media-thumbnail spectra-image-gallery__media-thumbnail--grid\" src=\"https:\/\/ozelimececenazehizmetleri.com\/wp-content\/uploads\/2025\/03\/o\u0308zel-imece-o\u0308zel-cenaze-hizmetleri-2-300x225.jpeg\" alt=\"\" loading=\"lazy\" \/>\n\t\t\t\t<\/picture>\n\t\t\t\t<div class=\"spectra-image-gallery__media-thumbnail-blurrer\"><\/div>\n\t\t\t\t\t\t\t\t\t\t\t<div class=\"spectra-image-gallery__media-thumbnail-caption-wrapper spectra-image-gallery__media-thumbnail-caption-wrapper--overlay\"><\/div>\n\t\t\t\t\t\t\t\t<\/div>\n\t\t\t\t\t\t<\/div>\n\t\t\t\t\t\t<div class='spectra-image-gallery__media-wrapper' data-spectra-gallery-image-id='64' tabindex=\"0\">\n\t\t\t\t\t\t\t<div class=\"spectra-image-gallery__media spectra-image-gallery__media--grid\">\n\t\t\t\t<picture>\n\t\t\t\t\t<source media=\"(min-width: 1024px)\" srcset=\"https:\/\/ozelimececenazehizmetleri.com\/wp-content\/uploads\/2025\/03\/o\u0308zel-imece-o\u0308zel-cenaze-hizmetleri-3.jpeg\">\n\t\t\t\t\t<source media=\"(min-width: 768px)\" srcset=\"https:\/\/ozelimececenazehizmetleri.com\/wp-content\/uploads\/2025\/03\/o\u0308zel-imece-o\u0308zel-cenaze-hizmetleri-3-1024x769.jpeg\">\n\t\t\t\t\t<img decoding=\"async\" class=\"spectra-image-gallery__media-thumbnail spectra-image-gallery__media-thumbnail--grid\" src=\"https:\/\/ozelimececenazehizmetleri.com\/wp-content\/uploads\/2025\/03\/o\u0308zel-imece-o\u0308zel-cenaze-hizmetleri-3-300x225.jpeg\" alt=\"\" loading=\"lazy\" \/>\n\t\t\t\t<\/picture>\n\t\t\t\t<div class=\"spectra-image-gallery__media-thumbnail-blurrer\"><\/div>\n\t\t\t\t\t\t\t\t\t\t\t<div class=\"spectra-image-gallery__media-thumbnail-caption-wrapper spectra-image-gallery__media-thumbnail-caption-wrapper--overlay\"><\/div>\n\t\t\t\t\t\t\t\t<\/div>\n\t\t\t\t\t\t<\/div>\n\t\t\t\t\t\t<div class='spectra-image-gallery__media-wrapper' data-spectra-gallery-image-id='65' tabindex=\"0\">\n\t\t\t\t\t\t\t<div class=\"spectra-image-gallery__media spectra-image-gallery__media--grid\">\n\t\t\t\t<picture>\n\t\t\t\t\t<source media=\"(min-width: 1024px)\" srcset=\"https:\/\/ozelimececenazehizmetleri.com\/wp-content\/uploads\/2025\/03\/o\u0308zel-imece-o\u0308zel-cenaze-hizmetleri-4.jpeg\">\n\t\t\t\t\t<source media=\"(min-width: 768px)\" srcset=\"https:\/\/ozelimececenazehizmetleri.com\/wp-content\/uploads\/2025\/03\/o\u0308zel-imece-o\u0308zel-cenaze-hizmetleri-4-1024x769.jpeg\">\n\t\t\t\t\t<img decoding=\"async\" class=\"spectra-image-gallery__media-thumbnail spectra-image-gallery__media-thumbnail--grid\" src=\"https:\/\/ozelimececenazehizmetleri.com\/wp-content\/uploads\/2025\/03\/o\u0308zel-imece-o\u0308zel-cenaze-hizmetleri-4-300x225.jpeg\" alt=\"\" loading=\"lazy\" \/>\n\t\t\t\t<\/picture>\n\t\t\t\t<div class=\"spectra-image-gallery__media-thumbnail-blurrer\"><\/div>\n\t\t\t\t\t\t\t\t\t\t\t<div class=\"spectra-image-gallery__media-thumbnail-caption-wrapper spectra-image-gallery__media-thumbnail-caption-wrapper--overlay\"><\/div>\n\t\t\t\t\t\t\t\t<\/div>\n\t\t\t\t\t\t<\/div>\n\t\t\t\t\t\t<div class='spectra-image-gallery__media-wrapper' data-spectra-gallery-image-id='66' tabindex=\"0\">\n\t\t\t\t\t\t\t<div class=\"spectra-image-gallery__media spectra-image-gallery__media--grid\">\n\t\t\t\t<picture>\n\t\t\t\t\t<source media=\"(min-width: 1024px)\" srcset=\"https:\/\/ozelimececenazehizmetleri.com\/wp-content\/uploads\/2025\/03\/o\u0308zel-imece-o\u0308zel-cenaze-hizmetleri-5.jpeg\">\n\t\t\t\t\t<source media=\"(min-width: 768px)\" srcset=\"https:\/\/ozelimececenazehizmetleri.com\/wp-content\/uploads\/2025\/03\/o\u0308zel-imece-o\u0308zel-cenaze-hizmetleri-5-769x1024.jpeg\">\n\t\t\t\t\t<img decoding=\"async\" class=\"spectra-image-gallery__media-thumbnail spectra-image-gallery__media-thumbnail--grid\" src=\"https:\/\/ozelimececenazehizmetleri.com\/wp-content\/uploads\/2025\/03\/o\u0308zel-imece-o\u0308zel-cenaze-hizmetleri-5-225x300.jpeg\" alt=\"\" loading=\"lazy\" \/>\n\t\t\t\t<\/picture>\n\t\t\t\t<div class=\"spectra-image-gallery__media-thumbnail-blurrer\"><\/div>\n\t\t\t\t\t\t\t\t\t\t\t<div class=\"spectra-image-gallery__media-thumbnail-caption-wrapper spectra-image-gallery__media-thumbnail-caption-wrapper--overlay\"><\/div>\n\t\t\t\t\t\t\t\t<\/div>\n\t\t\t\t\t\t<\/div>\n\t\t\t\t\t\t\t\t\t\t<\/div>\n\t\t\t\t\t\t\t\t\t\t\t\t\t\t\t\t\t\t<\/div>\n\t\t\t\t\t\t\t\t\t\t\t<div class='spectra-image-gallery__control-lightbox' tabindex='0'>\n\t\t\t\t\t\t\t\t\t\t\t<div class=\"swiper spectra-image-gallery__control-lightbox--main\" dir=\"\">\n\t\t\t\t\t<div class=\"swiper-wrapper\">\n\t\t\t\t\t\t\t\t\t\t\t\t\t\n\t\t\t\t\t\t\t<div class=\"swiper-slide\">\n\t\t\t\t\t\t\t\t<img class=\"swiper-lazy\" data-src=\"https:\/\/ozelimececenazehizmetleri.com\/wp-content\/uploads\/2025\/03\/o\u0308zel-imece-o\u0308zel-cenaze-hizmetleri-1.jpeg\" alt=\"\"\/>\n\t\t\t\t\t\t\t\t<div class=\"swiper-lazy-preloader swiper-lazy-preloader-white\"><\/div>\n\t\t\t\t\t\t\t\t\t\t\t\t\t\t\t<\/div>\n\t\t\t\t\t\t\t\t\t\t\t\t\t\n\t\t\t\t\t\t\t<div class=\"swiper-slide\">\n\t\t\t\t\t\t\t\t<img class=\"swiper-lazy\" data-src=\"https:\/\/ozelimececenazehizmetleri.com\/wp-content\/uploads\/2025\/03\/o\u0308zel-imece-o\u0308zel-cenaze-hizmetleri-2.jpeg\" alt=\"\"\/>\n\t\t\t\t\t\t\t\t<div class=\"swiper-lazy-preloader swiper-lazy-preloader-white\"><\/div>\n\t\t\t\t\t\t\t\t\t\t\t\t\t\t\t<\/div>\n\t\t\t\t\t\t\t\t\t\t\t\t\t\n\t\t\t\t\t\t\t<div class=\"swiper-slide\">\n\t\t\t\t\t\t\t\t<img class=\"swiper-lazy\" data-src=\"https:\/\/ozelimececenazehizmetleri.com\/wp-content\/uploads\/2025\/03\/o\u0308zel-imece-o\u0308zel-cenaze-hizmetleri-3.jpeg\" alt=\"\"\/>\n\t\t\t\t\t\t\t\t<div class=\"swiper-lazy-preloader swiper-lazy-preloader-white\"><\/div>\n\t\t\t\t\t\t\t\t\t\t\t\t\t\t\t<\/div>\n\t\t\t\t\t\t\t\t\t\t\t\t\t\n\t\t\t\t\t\t\t<div class=\"swiper-slide\">\n\t\t\t\t\t\t\t\t<img class=\"swiper-lazy\" data-src=\"https:\/\/ozelimececenazehizmetleri.com\/wp-content\/uploads\/2025\/03\/o\u0308zel-imece-o\u0308zel-cenaze-hizmetleri-4.jpeg\" alt=\"\"\/>\n\t\t\t\t\t\t\t\t<div class=\"swiper-lazy-preloader swiper-lazy-preloader-white\"><\/div>\n\t\t\t\t\t\t\t\t\t\t\t\t\t\t\t<\/div>\n\t\t\t\t\t\t\t\t\t\t\t\t\t\n\t\t\t\t\t\t\t<div class=\"swiper-slide\">\n\t\t\t\t\t\t\t\t<img class=\"swiper-lazy\" data-src=\"https:\/\/ozelimececenazehizmetleri.com\/wp-content\/uploads\/2025\/03\/o\u0308zel-imece-o\u0308zel-cenaze-hizmetleri-5.jpeg\" alt=\"\"\/>\n\t\t\t\t\t\t\t\t<div class=\"swiper-lazy-preloader swiper-lazy-preloader-white\"><\/div>\n\t\t\t\t\t\t\t\t\t\t\t\t\t\t\t<\/div>\n\t\t\t\t\t\t\t\t\t\t\t<\/div>\n\t\t\t\t\t<div class=\"swiper-button-next\"><\/div>\n\t\t\t\t\t<div class=\"swiper-button-prev\"><\/div>\n\t\t\t\t<\/div>\t\t\t\n\t\t\t\t\t\t\t\t\t\t\t\t\t\t\t\t\t\t\t\t\t\t\t\t\t\t\t\t\t\t\t\t<button class='spectra-image-gallery__control-lightbox--close' aria-label=\"Close\">\n\t\t\t\t\t\t\t\t\t\t\t\t\t<svg xmlns=\"https:\/\/www.w3.org\/2000\/svg\" viewBox= \"0 0 320 512\"><path d=\"M310.6 361.4c12.5 12.5 12.5 32.75 0 45.25C304.4 412.9 296.2 416 288 416s-16.38-3.125-22.62-9.375L160 301.3L54.63 406.6C48.38 412.9 40.19 416 32 416S15.63 412.9 9.375 406.6c-12.5-12.5-12.5-32.75 0-45.25l105.4-105.4L9.375 150.6c-12.5-12.5-12.5-32.75 0-45.25s32.75-12.5 45.25 0L160 210.8l105.4-105.4c12.5-12.5 32.75-12.5 45.25 0s12.5 32.75 0 45.25l-105.4 105.4L310.6 361.4z\"><\/path><\/svg>\n\t\t\t\t\t\t\t\t\t\t\t\t<\/button>\n\t\t\t\t\t\t\t\t\t\t\t\t\t<\/div>\n\t\t\t\t\t\t\t\t\t<\/div><\/div>\n\n\n\n<div class=\"wp-block-uagb-container uag-hide-desktop uag-hide-tab uagb-block-f7abbe9b alignfull uagb-is-root-container\"><div class=\"uagb-container-inner-blocks-wrap\">\n<div class=\"wp-block-uagb-container uagb-block-2ed2fe30\">\n<div class=\"wp-block-uagb-image aligncenter uagb-block-75b3ad32 wp-block-uagb-image--layout-default wp-block-uagb-image--effect-static wp-block-uagb-image--align-center\"><figure class=\"wp-block-uagb-image__figure\"><img decoding=\"async\" srcset=\"https:\/\/ozelimececenazehizmetleri.com\/wp-content\/uploads\/2025\/03\/o\u0308zel-imece-cenaze-hizmetleri1.png ,https:\/\/ozelimececenazehizmetleri.com\/wp-content\/uploads\/2025\/03\/o\u0308zel-imece-cenaze-hizmetleri1.png 780w, https:\/\/ozelimececenazehizmetleri.com\/wp-content\/uploads\/2025\/03\/o\u0308zel-imece-cenaze-hizmetleri1.png 360w\" sizes=\"auto, (max-width: 480px) 150px\" src=\"https:\/\/ozelimececenazehizmetleri.com\/wp-content\/uploads\/2025\/03\/o\u0308zel-imece-cenaze-hizmetleri1.png\" alt=\"\" class=\"uag-image-82\" width=\"1600\" height=\"1201\" title=\"o\u0308zel imece cenaze hizmetleri1\" loading=\"lazy\" role=\"img\"\/><\/figure><\/div>\n<\/div>\n\n\n\n<div class=\"wp-block-uagb-container uagb-block-fa3a13d9\">\n<div class=\"wp-block-uagb-image aligncenter uagb-block-6e9b0b24 wp-block-uagb-image--layout-default wp-block-uagb-image--effect-static wp-block-uagb-image--align-center\"><figure class=\"wp-block-uagb-image__figure\"><img decoding=\"async\" srcset=\"https:\/\/ozelimececenazehizmetleri.com\/wp-content\/uploads\/2025\/03\/o\u0308zel-imece-cenaze-hizmetleri2.png ,https:\/\/ozelimececenazehizmetleri.com\/wp-content\/uploads\/2025\/03\/o\u0308zel-imece-cenaze-hizmetleri2.png 780w, https:\/\/ozelimececenazehizmetleri.com\/wp-content\/uploads\/2025\/03\/o\u0308zel-imece-cenaze-hizmetleri2.png 360w\" sizes=\"auto, (max-width: 480px) 150px\" src=\"https:\/\/ozelimececenazehizmetleri.com\/wp-content\/uploads\/2025\/03\/o\u0308zel-imece-cenaze-hizmetleri2.png\" alt=\"\" class=\"uag-image-83\" width=\"1600\" height=\"1201\" title=\"o\u0308zel imece cenaze hizmetleri2\" loading=\"lazy\" role=\"img\"\/><\/figure><\/div>\n<\/div>\n\n\n\n<div class=\"wp-block-uagb-container uagb-block-efeb12db\">\n<div class=\"wp-block-uagb-image aligncenter uagb-block-44fb0828 wp-block-uagb-image--layout-default wp-block-uagb-image--effect-static wp-block-uagb-image--align-center\"><figure class=\"wp-block-uagb-image__figure\"><img decoding=\"async\" srcset=\"https:\/\/ozelimececenazehizmetleri.com\/wp-content\/uploads\/2025\/03\/o\u0308zel-imece-cenaze-hizmetleri3.png ,https:\/\/ozelimececenazehizmetleri.com\/wp-content\/uploads\/2025\/03\/o\u0308zel-imece-cenaze-hizmetleri3.png 780w, https:\/\/ozelimececenazehizmetleri.com\/wp-content\/uploads\/2025\/03\/o\u0308zel-imece-cenaze-hizmetleri3.png 360w\" sizes=\"auto, (max-width: 480px) 150px\" src=\"https:\/\/ozelimececenazehizmetleri.com\/wp-content\/uploads\/2025\/03\/o\u0308zel-imece-cenaze-hizmetleri3.png\" alt=\"\" class=\"uag-image-84\" width=\"1600\" height=\"1201\" title=\"o\u0308zel imece cenaze hizmetleri3\" loading=\"lazy\" role=\"img\"\/><\/figure><\/div>\n<\/div>\n<\/div><\/div>\n\n\n\n<div class=\"wp-block-uagb-container uag-hide-desktop uag-hide-tab uagb-block-c1ab3518 alignfull uagb-is-root-container\"><div class=\"uagb-container-inner-blocks-wrap\">\n<div class=\"wp-block-uagb-container uagb-block-6471badb\">\n<div class=\"wp-block-uagb-image aligncenter uagb-block-44532537 wp-block-uagb-image--layout-default wp-block-uagb-image--effect-static wp-block-uagb-image--align-center\"><figure class=\"wp-block-uagb-image__figure\"><img decoding=\"async\" srcset=\"https:\/\/ozelimececenazehizmetleri.com\/wp-content\/uploads\/2025\/03\/o\u0308zel-imece-cenaze-hizmetleri4.png ,https:\/\/ozelimececenazehizmetleri.com\/wp-content\/uploads\/2025\/03\/o\u0308zel-imece-cenaze-hizmetleri4.png 780w, https:\/\/ozelimececenazehizmetleri.com\/wp-content\/uploads\/2025\/03\/o\u0308zel-imece-cenaze-hizmetleri4.png 360w\" sizes=\"auto, (max-width: 480px) 150px\" src=\"https:\/\/ozelimececenazehizmetleri.com\/wp-content\/uploads\/2025\/03\/o\u0308zel-imece-cenaze-hizmetleri4.png\" alt=\"\" class=\"uag-image-85\" width=\"1600\" height=\"1201\" title=\"o\u0308zel imece cenaze hizmetleri4\" loading=\"lazy\" role=\"img\"\/><\/figure><\/div>\n<\/div>\n\n\n\n<div class=\"wp-block-uagb-container uagb-block-734bd668\">\n<div class=\"wp-block-uagb-image aligncenter uagb-block-447e1559 wp-block-uagb-image--layout-default wp-block-uagb-image--effect-static wp-block-uagb-image--align-center\"><figure class=\"wp-block-uagb-image__figure\"><img decoding=\"async\" srcset=\"https:\/\/ozelimececenazehizmetleri.com\/wp-content\/uploads\/2025\/03\/o\u0308zel-imece-cenaze-hizmetleri5.png ,https:\/\/ozelimececenazehizmetleri.com\/wp-content\/uploads\/2025\/03\/o\u0308zel-imece-cenaze-hizmetleri5.png 780w, https:\/\/ozelimececenazehizmetleri.com\/wp-content\/uploads\/2025\/03\/o\u0308zel-imece-cenaze-hizmetleri5.png 360w\" sizes=\"auto, (max-width: 480px) 150px\" src=\"https:\/\/ozelimececenazehizmetleri.com\/wp-content\/uploads\/2025\/03\/o\u0308zel-imece-cenaze-hizmetleri5.png\" alt=\"\" class=\"uag-image-86\" width=\"1201\" height=\"1600\" title=\"o\u0308zel imece cenaze hizmetleri5\" loading=\"lazy\" role=\"img\"\/><\/figure><\/div>\n<\/div>\n\n\n\n<div class=\"wp-block-uagb-container uagb-block-87860ce3\"><\/div>\n<\/div><\/div>\n","protected":false},"excerpt":{"rendered":"<p>\u00d6zel \u0130mece Cenaze Hizmetleri, \u00f6zel frigolu so\u011futmal\u0131 ara\u00e7lar\u0131 ile \u015fehirler aras\u0131 vefat nakil i\u015flemleriniz i\u00e7in yan\u0131n\u0131zda! T\u00fcrkiye\u2019nin her noktas\u0131na g\u00fcvenli [&hellip;]<\/p>\n","protected":false},"author":1,"featured_media":0,"parent":0,"menu_order":0,"comment_status":"closed","ping_status":"closed","template":"","meta":{"_uag_custom_page_level_css":"","site-sidebar-layout":"default","site-content-layout":"","ast-site-content-layout":"","site-content-style":"default","site-sidebar-style":"default","ast-global-header-display":"","ast-banner-title-visibility":"","ast-main-header-display":"","ast-hfb-above-header-display":"","ast-hfb-below-header-display":"","ast-hfb-mobile-header-display":"","site-post-title":"disabled","ast-breadcrumbs-content":"","ast-featured-img":"","footer-sml-layout":"","theme-transparent-header-meta":"","adv-header-id-meta":"","stick-header-meta":"","header-above-stick-meta":"","header-main-stick-meta":"","header-below-stick-meta":"","astra-migrate-meta-layouts":"default","ast-page-background-enabled":"default","ast-page-background-meta":{"desktop":{"background-color":"var(--ast-global-color-5)","background-image":"","background-repeat":"repeat","background-position":"center center","background-size":"auto","background-attachment":"scroll","background-type":"","background-media":"","overlay-type":"","overlay-color":"","overlay-opacity":"","overlay-gradient":""},"tablet":{"background-color":"","background-image":"","background-repeat":"repeat","background-position":"center center","background-size":"auto","background-attachment":"scroll","background-type":"","background-media":"","overlay-type":"","overlay-color":"","overlay-opacity":"","overlay-gradient":""},"mobile":{"background-color":"","background-image":"","background-repeat":"repeat","background-position":"center center","background-size":"auto","background-attachment":"scroll","background-type":"","background-media":"","overlay-type":"","overlay-color":"","overlay-opacity":"","overlay-gradient":""}},"ast-content-background-meta":{"desktop":{"background-color":"var(--ast-global-color-4)","background-image":"","background-repeat":"repeat","background-position":"center center","background-size":"auto","background-attachment":"scroll","background-type":"","background-media":"","overlay-type":"","overlay-color":"","overlay-opacity":"","overlay-gradient":""},"tablet":{"background-color":"var(--ast-global-color-4)","background-image":"","background-repeat":"repeat","background-position":"center center","background-size":"auto","background-attachment":"scroll","background-type":"","background-media":"","overlay-type":"","overlay-color":"","overlay-opacity":"","overlay-gradient":""},"mobile":{"background-color":"var(--ast-global-color-4)","background-image":"","background-repeat":"repeat","background-position":"center center","background-size":"auto","background-attachment":"scroll","background-type":"","background-media":"","overlay-type":"","overlay-color":"","overlay-opacity":"","overlay-gradient":""}},"footnotes":""},"class_list":["post-18","page","type-page","status-publish","hentry"],"uagb_featured_image_src":{"full":false,"thumbnail":false,"medium":false,"medium_large":false,"large":false,"1536x1536":false,"2048x2048":false},"uagb_author_info":{"display_name":"ozelimece","author_link":"https:\/\/ozelimececenazehizmetleri.com\/?author=1"},"uagb_comment_info":0,"uagb_excerpt":"\u00d6zel \u0130mece Cenaze Hizmetleri, \u00f6zel frigolu so\u011futmal\u0131 ara\u00e7lar\u0131 ile \u015fehirler aras\u0131 vefat nakil i\u015flemleriniz i\u00e7in yan\u0131n\u0131zda! T\u00fcrkiye\u2019nin her noktas\u0131na g\u00fcvenli [&hellip;]","_links":{"self":[{"href":"https:\/\/ozelimececenazehizmetleri.com\/index.php?rest_route=\/wp\/v2\/pages\/18","targetHints":{"allow":["GET"]}}],"collection":[{"href":"https:\/\/ozelimececenazehizmetleri.com\/index.php?rest_route=\/wp\/v2\/pages"}],"about":[{"href":"https:\/\/ozelimececenazehizmetleri.com\/index.php?rest_route=\/wp\/v2\/types\/page"}],"author":[{"embeddable":true,"href":"https:\/\/ozelimececenazehizmetleri.com\/index.php?rest_route=\/wp\/v2\/users\/1"}],"replies":[{"embeddable":true,"href":"https:\/\/ozelimececenazehizmetleri.com\/index.php?rest_route=%2Fwp%2Fv2%2Fcomments&post=18"}],"version-history":[{"count":24,"href":"https:\/\/ozelimececenazehizmetleri.com\/index.php?rest_route=\/wp\/v2\/pages\/18\/revisions"}],"predecessor-version":[{"id":112,"href":"https:\/\/ozelimececenazehizmetleri.com\/index.php?rest_route=\/wp\/v2\/pages\/18\/revisions\/112"}],"wp:attachment":[{"href":"https:\/\/ozelimececenazehizmetleri.com\/index.php?rest_route=%2Fwp%2Fv2%2Fmedia&parent=18"}],"curies":[{"name":"wp","href":"https:\/\/api.w.org\/{rel}","templated":true}]}}